{"id":43,"date":"2017-07-19T21:28:13","date_gmt":"2017-07-19T21:28:13","guid":{"rendered":"http:\/\/overhage.net\/?page_id=43"},"modified":"2017-07-27T21:16:50","modified_gmt":"2017-07-27T21:16:50","slug":"leistungsbereiche","status":"publish","type":"page","link":"http:\/\/overhage.net\/?page_id=43","title":{"rendered":"Leistungsbereiche"},"content":{"rendered":"<blockquote>\n<h5><strong>Buchhaltungsservice<\/strong><\/h5>\n<ul>\n<li>Wir k\u00fcmmern uns um B\u00fcroorganisation, Berufsgenossenschaften, Sozialkassen, Kammer, etc.<\/li>\n<li>Erledigung Ihres anfallenden Schriftverkehrs<\/li>\n<li>Vorbereitung Ihre Belege<\/li>\n<li>Bearbeitung Ihrer Buchhaltung entsprechend \u00a76 Abs. 3-4 StBG<\/li>\n<li>auf Wunsch mit:<br \/>\nLohn, Gehalt<br \/>\noffenen Posten, Mahnwesen<br \/>\nFaktur<\/li>\n<li>buchhaltungs\u00fcbliche Auswertungen inklusive<\/li>\n<\/ul>\n<\/blockquote>\n<blockquote>\n<h5><strong>Controlling, Auswertungen, Kennziffern<\/strong><\/h5>\n<p>Zus\u00e4tzlich kann auf Grundlage der lfd. Buchhaltung ein f\u00fcr Ihr Unternehmen zugeschnittenes Erfolgs- und Kostencontrolling erstellt und automatisiert werden.<\/p>\n<ul>\n<li>Gewinnverprobungen, Kosten- und Deckungsbeitragsrechnungen, prozessorientierte Kostenrechnung<br \/>\n(wie rentabel arbeite ich, was kostet mich die Arbeit, was bleibt zum Jahresende \u00fcber?)<\/li>\n<li>Kalkulationen und Angebotspr\u00fcfungen<br \/>\n(lohnt sich ein Auftrag? Wie preiswert darf ich sein, damit auch der Anteil dieses Auftrags an Telefon, Steuern und der Kfz-Reparatur gedeckt ist?)<\/li>\n<li>Liquidit\u00e4tsplanung<\/li>\n<\/ul>\n<\/blockquote>\n<blockquote>\n<h5><strong>Gr\u00fcndungsplanungen und Reorganisation<\/strong><\/h5>\n<\/blockquote>\n<blockquote><p>Auf Wunsch wird mit Fachkanzleien, Fachanw\u00e4lten zusammengearbeitet, oder auf solche hingewiesen.<\/p><\/blockquote>\n","protected":false},"excerpt":{"rendered":"<p>Buchhaltungsservice Wir k\u00fcmmern uns um B\u00fcroorganisation, Berufsgenossenschaften, Sozialkassen, Kammer, etc. Erledigung Ihres anfallenden Schriftverkehrs Vorbereitung Ihre Belege Bearbeitung Ihrer Buchhaltung entsprechend \u00a76 Abs. 3-4 StBG auf Wunsch mit: Lohn, Gehalt offenen Posten, Mahnwesen Faktur buchhaltungs\u00fcbliche Auswertungen inklusive Controlling, Auswertungen, Kennziffern Zus\u00e4tzlich kann auf Grundlage der lfd. Buchhaltung ein f\u00fcr Ihr Unternehmen zugeschnittenes Erfolgs- und Kostencontrolling [&hellip;]<\/p>\n","protected":false},"author":1,"featured_media":0,"parent":0,"menu_order":0,"comment_status":"closed","ping_status":"closed","template":"","meta":[],"_links":{"self":[{"href":"http:\/\/overhage.net\/index.php?rest_route=\/wp\/v2\/pages\/43"}],"collection":[{"href":"http:\/\/overhage.net\/index.php?rest_route=\/wp\/v2\/pages"}],"about":[{"href":"http:\/\/overhage.net\/index.php?rest_route=\/wp\/v2\/types\/page"}],"author":[{"embeddable":true,"href":"http:\/\/overhage.net\/index.php?rest_route=\/wp\/v2\/users\/1"}],"replies":[{"embeddable":true,"href":"http:\/\/overhage.net\/index.php?rest_route=%2Fwp%2Fv2%2Fcomments&post=43"}],"version-history":[{"count":7,"href":"http:\/\/overhage.net\/index.php?rest_route=\/wp\/v2\/pages\/43\/revisions"}],"predecessor-version":[{"id":145,"href":"http:\/\/overhage.net\/index.php?rest_route=\/wp\/v2\/pages\/43\/revisions\/145"}],"wp:attachment":[{"href":"http:\/\/overhage.net\/index.php?rest_route=%2Fwp%2Fv2%2Fmedia&parent=43"}],"curies":[{"name":"wp","href":"https:\/\/api.w.org\/{rel}","templated":true}]}}