{"id":41,"date":"2017-07-19T21:28:41","date_gmt":"2017-07-19T21:28:41","guid":{"rendered":"http:\/\/overhage.net\/?page_id=41"},"modified":"2017-07-20T23:04:17","modified_gmt":"2017-07-20T23:04:17","slug":"impressum","status":"publish","type":"page","link":"http:\/\/overhage.net\/?page_id=41","title":{"rendered":"Impressum"},"content":{"rendered":"<blockquote><p>Martin Overhage<br \/>\nGustav-Tweer-Weg 26<\/p>\n<p>48167 M\u00fcnster<\/p><\/blockquote>\n<p>Tel\u00a0\u00a0 : 0251 6285677<br \/>\nmail: post@overhage.net<\/p>\n<blockquote><p>Steuerliche Dienstleistungen werden erbracht nach \u00a76 Abs. 3-4 StBG.<\/p>\n<p>Steuernummer: 336\/5154\/0671<\/p>\n<p>Volksbank M\u00fcnster e.G.<br \/>\nDE64 4016 0050 2727 1978 00<\/p><\/blockquote>\n<p>Inhaltlich Verantwortlicher gem. \u00a7 55 II RStV: Martin Overhage, Anschrift s.o.<\/p>\n<blockquote><p><strong>Online-Streitbeilegung<\/strong> gem\u00e4\u00df Art. 14 Abs. 1 ODR-VO:<br \/>\nDie Europ\u00e4ische Kommission stellt eine Plattform zur Online-Streitbeilegung (OS) bereit, die Sie unter ec.europa.eu\/consumers\/odr finden.<\/p><\/blockquote>\n<p><strong>Haftungsausschl\u00fcsse<\/strong><br \/>\nTrotz aller gebotenen Sorgfalt wird keine Gew\u00e4hr f\u00fcr die Richtigkeit und Aktualit\u00e4t der bereitgestellten Inhalte \u00fcbernommen. Allein durch den Aufruf der kostenlosen und frei zug\u00e4nglichen Inhalte kommt keinerlei Vertragsverh\u00e4ltnis zwischen dem Nutzer und dem Anbieter zustande, insoweit fehlt es am Rechtsbindungswillen des Anbieters.<br \/>\nVerkn\u00fcpfte oder verlinkte Inhalte fremder Webseiten unterliegen ausschlie\u00dflich der Haftung der jeweiligen Betreiber.<\/p>\n<blockquote><p><strong>Datenschutz<\/strong><br \/>\nDie Verwendung der Kontaktdaten des Impressums zur gewerblichen Werbung ist ausdr\u00fccklich nicht erw\u00fcnscht, es sei denn, es wurde zuvor eine schriftliche Einwilligung erteilt oder es besteht bereits eine Gesch\u00e4ftsbeziehung. Der Anbieter und alle auf dieser Website genannten Personen widersprechen hiermit jeder kommerziellen Verwendung und Weitergabe ihrer Daten.<\/p><\/blockquote>\n","protected":false},"excerpt":{"rendered":"<p>Martin Overhage Gustav-Tweer-Weg 26 48167 M\u00fcnster Tel\u00a0\u00a0 : 0251 6285677 mail: post@overhage.net Steuerliche Dienstleistungen werden erbracht nach \u00a76 Abs. 3-4 StBG. Steuernummer: 336\/5154\/0671 Volksbank M\u00fcnster e.G. DE64 4016 0050 2727 1978 00 Inhaltlich Verantwortlicher gem. \u00a7 55 II RStV: Martin Overhage, Anschrift s.o. Online-Streitbeilegung gem\u00e4\u00df Art. 14 Abs. 1 ODR-VO: Die Europ\u00e4ische Kommission stellt eine [&hellip;]<\/p>\n","protected":false},"author":1,"featured_media":0,"parent":0,"menu_order":0,"comment_status":"closed","ping_status":"closed","template":"","meta":[],"_links":{"self":[{"href":"http:\/\/overhage.net\/index.php?rest_route=\/wp\/v2\/pages\/41"}],"collection":[{"href":"http:\/\/overhage.net\/index.php?rest_route=\/wp\/v2\/pages"}],"about":[{"href":"http:\/\/overhage.net\/index.php?rest_route=\/wp\/v2\/types\/page"}],"author":[{"embeddable":true,"href":"http:\/\/overhage.net\/index.php?rest_route=\/wp\/v2\/users\/1"}],"replies":[{"embeddable":true,"href":"http:\/\/overhage.net\/index.php?rest_route=%2Fwp%2Fv2%2Fcomments&post=41"}],"version-history":[{"count":7,"href":"http:\/\/overhage.net\/index.php?rest_route=\/wp\/v2\/pages\/41\/revisions"}],"predecessor-version":[{"id":111,"href":"http:\/\/overhage.net\/index.php?rest_route=\/wp\/v2\/pages\/41\/revisions\/111"}],"wp:attachment":[{"href":"http:\/\/overhage.net\/index.php?rest_route=%2Fwp%2Fv2%2Fmedia&parent=41"}],"curies":[{"name":"wp","href":"https:\/\/api.w.org\/{rel}","templated":true}]}}