{"id":21,"date":"2017-07-19T19:24:16","date_gmt":"2017-07-19T19:24:16","guid":{"rendered":"http:\/\/overhage.net\/?page_id=21"},"modified":"2017-08-12T12:42:54","modified_gmt":"2017-08-12T12:42:54","slug":"bullschit","status":"publish","type":"page","link":"http:\/\/overhage.net\/","title":{"rendered":""},"content":{"rendered":"<h5 style=\"padding-left: 30px;\">f\u00fcr:<\/h5>\n<blockquote>\n<ul>\n<li>Einzelunternehmer, Inhaber<\/li>\n<li>Unternehmen mit 2 &#8211; 3 Mitarbeitern<\/li>\n<li>t\u00e4tig im Handwerk, als Dienstleister oder im Handel<\/li>\n<\/ul>\n<\/blockquote>\n<p>&nbsp;<\/p>\n<p style=\"padding-left: 30px;\"><span style=\"color: #4f5893;\"><strong>Sie k\u00fcmmern sich lieber um Ihr Kerngesch\u00e4ft<\/strong>,<\/span><br \/>\n<span style=\"color: #4f5893;\"><strong>wir erledigen das Drumherum.<\/strong><\/span><\/p>\n<p>&nbsp;<\/p>\n<p style=\"padding-left: 30px;\"><span style=\"color: #ffffff; font-family: Verdana; font-size: xx-small;\">Buchhaltung Beh\u00f6rden BWA Lohn\/Gehalt Offene Posten Krankenkassen Ergebnis Berufsgenossenschaften<\/span><\/p>\n","protected":false},"excerpt":{"rendered":"<p>f\u00fcr: Einzelunternehmer, Inhaber Unternehmen mit 2 &#8211; 3 Mitarbeitern t\u00e4tig im Handwerk, als Dienstleister oder im Handel &nbsp; Sie k\u00fcmmern sich lieber um Ihr Kerngesch\u00e4ft, wir erledigen das Drumherum. &nbsp; Buchhaltung Beh\u00f6rden BWA Lohn\/Gehalt Offene Posten Krankenkassen Ergebnis Berufsgenossenschaften<\/p>\n","protected":false},"author":1,"featured_media":0,"parent":0,"menu_order":0,"comment_status":"closed","ping_status":"closed","template":"","meta":[],"_links":{"self":[{"href":"http:\/\/overhage.net\/index.php?rest_route=\/wp\/v2\/pages\/21"}],"collection":[{"href":"http:\/\/overhage.net\/index.php?rest_route=\/wp\/v2\/pages"}],"about":[{"href":"http:\/\/overhage.net\/index.php?rest_route=\/wp\/v2\/types\/page"}],"author":[{"embeddable":true,"href":"http:\/\/overhage.net\/index.php?rest_route=\/wp\/v2\/users\/1"}],"replies":[{"embeddable":true,"href":"http:\/\/overhage.net\/index.php?rest_route=%2Fwp%2Fv2%2Fcomments&post=21"}],"version-history":[{"count":21,"href":"http:\/\/overhage.net\/index.php?rest_route=\/wp\/v2\/pages\/21\/revisions"}],"predecessor-version":[{"id":148,"href":"http:\/\/overhage.net\/index.php?rest_route=\/wp\/v2\/pages\/21\/revisions\/148"}],"wp:attachment":[{"href":"http:\/\/overhage.net\/index.php?rest_route=%2Fwp%2Fv2%2Fmedia&parent=21"}],"curies":[{"name":"wp","href":"https:\/\/api.w.org\/{rel}","templated":true}]}}